{"id":2,"date":"2023-12-30T18:23:41","date_gmt":"2023-12-30T17:23:41","guid":{"rendered":"http:\/\/tennis-moirans.fr\/?page_id=2"},"modified":"2025-06-17T22:12:27","modified_gmt":"2025-06-17T20:12:27","slug":"page-d-exemple","status":"publish","type":"page","link":"https:\/\/tennis-moirans.fr\/index.php\/page-d-exemple\/","title":{"rendered":"Histoire du Tennis Club de Moirans"},"content":{"rendered":"\n<ul class=\"wp-block-list\">\n<li><strong>Cr\u00e9\u00e9e\u00a0le 20 septembre\u00a01977\u00a0<\/strong>d&rsquo;apr\u00e8s une id\u00e9e de <strong>Jacques DAVID<\/strong> et <strong>Jean Pierre ERIANI<\/strong>, l&rsquo;Association s&rsquo;est d\u00e9velopp\u00e9e rapidement, malgr\u00e9 le peu d&rsquo;installations disponibles \u00e0 l&rsquo;\u00e9poque, puisque nous jouions dans le gymnase \u00e0 raison d&rsquo;un cr\u00e9neau par semaine.<\/li>\n\n\n\n<li>Le&nbsp;<strong>5 mai 1978<\/strong>, le 1er Pr\u00e9sident du Club, Jean Pierre ERIANI,&nbsp;d\u00e9pose les Statuts et le 1er Conseil d&rsquo;administration en Pr\u00e9fecture de l&rsquo;Is\u00e8re sous le n\u00b0 0381009379<\/li>\n\n\n\n<li>En&nbsp;<strong>1979<\/strong>, les 2 premiers courts ext\u00e9rieurs ont \u00e9t\u00e9 inaugur\u00e9s apr\u00e8s signature de la 1\u00e8re convention avec la Mairie de Moirans pour leur financement<br>Le 31 juillet 1979, le Club est affili\u00e9 \u00e0 la FFT sous le n\u00b0 10380192<\/li>\n\n\n\n<li>En&nbsp;<strong>1980<\/strong>, inauguration de 3&nbsp;courts ext\u00e9rieurs suppl\u00e9mentaires<\/li>\n\n\n\n<li>En&nbsp;<strong>1981<\/strong>, cr\u00e9ation du Club House (\u00e0 c\u00f4t\u00e9 du point d&rsquo;eau pr\u00e8s du court n\u00b01)<\/li>\n\n\n\n<li>En&nbsp;<strong>1982<\/strong>,&nbsp;organisation du premier tournoi officiel du Club en septembre<\/li>\n\n\n\n<li>En&nbsp;<strong>1983<\/strong>, premi\u00e8re r\u00e9fection des courts n\u00b04 et 5<br>C&rsquo;\u00e9tait la p\u00e9riode folle apr\u00e8s la victoire de NOAH \u00e0 Roland Garros.&nbsp;<strong>Nous \u00e9tions alors plus de 500 adh\u00e9rents<\/strong>.<\/li>\n\n\n\n<li>En&nbsp;<strong>1984<\/strong>, signature d&rsquo;un 2\u00e8me convention avec la Mairie pour le financement de l&rsquo;\u00e9clairage des courts n\u00b01 et 2.<\/li>\n\n\n\n<li>En&nbsp;<strong>1992<\/strong>, lancement du projet des&nbsp;3 courts couverts avec l&rsquo;ancien Club House accol\u00e9.<\/li>\n\n\n\n<li>En&nbsp;<strong>1993<\/strong>, inauguration des 3 courts couverts et du Club House<\/li>\n\n\n\n<li>En&nbsp;<strong>2003<\/strong>, organisation du Challenge Club Junior (800 participants de 7 \u00e0 14 ans, 200 moniteurs et 200 b\u00e9n\u00e9voles)<\/li>\n\n\n\n<li>En&nbsp;<strong>2007<\/strong>, mise en place d&rsquo;une cloture autour du Club House avec grand et petit portail pour \u00e9viter sa d\u00e9gradation et mise en place du premier site internet du Club<\/li>\n\n\n\n<li>En<strong>&nbsp;2008<\/strong>, premi\u00e8re participation \u00e0 l&rsquo;organisation de la Balle d&rsquo;Or de Chartreuse (National 10 ans) pilot\u00e9e par le Tennis Club de Coublevie-Voiron<\/li>\n\n\n\n<li>En&nbsp;<strong>2009<\/strong>, r\u00e9fection totale de la r\u00e9sine en bleu et vert ainsi que&nbsp;des filets de s\u00e9paration des 3 courts couverts financ\u00e9s par la Mairie \u00e0 hauteur de 24000 \u20ac<\/li>\n\n\n\n<li>En&nbsp;<strong>2011<\/strong>, reprise de l&rsquo;organisation d&rsquo;un Loto en janvier et organisation du premier Pucier pour redresser les finances du Club<\/li>\n\n\n\n<li>En&nbsp;<strong>2012<\/strong>, courts ext\u00e9rieurs n\u00b0 2 et 3 enti\u00e8rement repeints, toit du Club House enti\u00e8rement refait et pose de nouvelles douches dans les vestiaires<\/li>\n\n\n\n<li>En&nbsp;<strong>2013<\/strong>, r\u00e9fection totale du bar et de ses peintures par les adh\u00e9rents, mise en place et param\u00e8trage du nouveau syst\u00e8me ADOC (Aide au D\u00e9veloppement et \u00e0 l&rsquo;Organistion des Clubs)<\/li>\n\n\n\n<li>En&nbsp;<strong>2014<\/strong>, r\u00e9fection totale des plafonds du bar, couloir, bureau et vestiaires avec pose de faux plafonds et nouveaux luminaires, mise en place du nouveau site Web avec la plateforme f\u00e9d\u00e9rale CMS ONE<\/li>\n\n\n\n<li>En&nbsp;<strong>2015<\/strong>, changement de tous les translucides du toit des 3 courts couverts vieux de 23 an<strong>s<\/strong><\/li>\n\n\n\n<li>En&nbsp;<strong>2018<\/strong>, mise en place d&rsquo;un nettoyage hebdomadaire de la totalit\u00e9 du Club House par un personnel de la Mairie<\/li>\n\n\n\n<li>En&nbsp;<strong>2019<\/strong>, nouveau changement de tous les translucides du toit des 3 courts couverts qui avaient \u00e9t\u00e9 perc\u00e9s par de gros gr\u00ealons et qui qui en plus ne filtraient pas assez le soleil, mise en conformit\u00e9 du Club House pour les Handicap\u00e9s ainsi que d&rsquo;un chemin pi\u00e9tonnier \u00e9clair\u00e9.<\/li>\n\n\n\n<li>Le<strong> 2 juin 2025<\/strong>, inauguration du terrain ext\u00e9rieur num\u00e9ro 1 suite \u00e0 des travaux. Le terrain \u00e9tait initialement en gazon synth\u00e9tique. Des travaux men\u00e9s au cours du printemps 2025 ont permis de le r\u00e9nover en greenset.<img loading=\"lazy\" decoding=\"async\" width=\"150\" height=\"85\" class=\"wp-image-298\" style=\"width: 150px;\" src=\"http:\/\/tennis-moirans.fr\/wp-content\/uploads\/2025\/06\/inauguration_terrain_ext.jpg\" alt=\"\" srcset=\"https:\/\/tennis-moirans.fr\/wp-content\/uploads\/2025\/06\/inauguration_terrain_ext.jpg 2048w, https:\/\/tennis-moirans.fr\/wp-content\/uploads\/2025\/06\/inauguration_terrain_ext-300x169.jpg 300w, https:\/\/tennis-moirans.fr\/wp-content\/uploads\/2025\/06\/inauguration_terrain_ext-1024x578.jpg 1024w, https:\/\/tennis-moirans.fr\/wp-content\/uploads\/2025\/06\/inauguration_terrain_ext-768x433.jpg 768w, https:\/\/tennis-moirans.fr\/wp-content\/uploads\/2025\/06\/inauguration_terrain_ext-1536x866.jpg 1536w\" sizes=\"auto, (max-width: 150px) 100vw, 150px\" \/><\/li>\n<\/ul>\n","protected":false},"excerpt":{"rendered":"","protected":false},"author":1,"featured_media":0,"parent":0,"menu_order":0,"comment_status":"closed","ping_status":"open","template":"template-full-width.php","meta":{"_monsterinsights_skip_tracking":false,"_monsterinsights_sitenote_active":false,"_monsterinsights_sitenote_note":"","_monsterinsights_sitenote_category":0,"footnotes":""},"class_list":["post-2","page","type-page","status-publish","hentry"],"aioseo_notices":[],"_links":{"self":[{"href":"https:\/\/tennis-moirans.fr\/index.php\/wp-json\/wp\/v2\/pages\/2","targetHints":{"allow":["GET"]}}],"collection":[{"href":"https:\/\/tennis-moirans.fr\/index.php\/wp-json\/wp\/v2\/pages"}],"about":[{"href":"https:\/\/tennis-moirans.fr\/index.php\/wp-json\/wp\/v2\/types\/page"}],"author":[{"embeddable":true,"href":"https:\/\/tennis-moirans.fr\/index.php\/wp-json\/wp\/v2\/users\/1"}],"replies":[{"embeddable":true,"href":"https:\/\/tennis-moirans.fr\/index.php\/wp-json\/wp\/v2\/comments?post=2"}],"version-history":[{"count":8,"href":"https:\/\/tennis-moirans.fr\/index.php\/wp-json\/wp\/v2\/pages\/2\/revisions"}],"predecessor-version":[{"id":301,"href":"https:\/\/tennis-moirans.fr\/index.php\/wp-json\/wp\/v2\/pages\/2\/revisions\/301"}],"wp:attachment":[{"href":"https:\/\/tennis-moirans.fr\/index.php\/wp-json\/wp\/v2\/media?parent=2"}],"curies":[{"name":"wp","href":"https:\/\/api.w.org\/{rel}","templated":true}]}}