{"id":50,"date":"2023-12-31T15:08:12","date_gmt":"2023-12-31T14:08:12","guid":{"rendered":"https:\/\/tennis-moirans.fr\/?page_id=50"},"modified":"2024-10-01T21:39:52","modified_gmt":"2024-10-01T19:39:52","slug":"le-bureau","status":"publish","type":"page","link":"https:\/\/tennis-moirans.fr\/index.php\/le-bureau\/","title":{"rendered":"Le bureau"},"content":{"rendered":"\n<p>Pr\u00e9sentation du pr\u00e9sident et des membres du bureau du TC Moirans:<\/p>\n\n\n\n<p><strong>Pr\u00e9sident<\/strong>: Antoine ANDRE<\/p>\n\n\n\n<p><strong>Vice pr\u00e9sident<\/strong>: St\u00e9phane P\u00e9lissier<\/p>\n\n\n\n<p><strong>Tr\u00e9sorier<\/strong>: R\u00e9my GARAYOA<\/p>\n\n\n\n<p><strong>Secr\u00e9taire<\/strong>: Nicolas DALLEAU<\/p>\n\n\n\n<p>Autres membres du bureau: Bastien Gravoulet<\/p>\n\n\n\n<figure class=\"wp-block-image size-large\"><img loading=\"lazy\" decoding=\"async\" width=\"1024\" height=\"768\" src=\"http:\/\/tennis-moirans.fr\/wp-content\/uploads\/2023\/12\/20221113_182011-1-1024x768.jpg\" alt=\"\" class=\"wp-image-56\" srcset=\"https:\/\/tennis-moirans.fr\/wp-content\/uploads\/2023\/12\/20221113_182011-1-1024x768.jpg 1024w, https:\/\/tennis-moirans.fr\/wp-content\/uploads\/2023\/12\/20221113_182011-1-300x225.jpg 300w, https:\/\/tennis-moirans.fr\/wp-content\/uploads\/2023\/12\/20221113_182011-1-768x576.jpg 768w, https:\/\/tennis-moirans.fr\/wp-content\/uploads\/2023\/12\/20221113_182011-1-1536x1152.jpg 1536w, https:\/\/tennis-moirans.fr\/wp-content\/uploads\/2023\/12\/20221113_182011-1-2048x1536.jpg 2048w\" sizes=\"auto, (max-width: 1024px) 100vw, 1024px\" \/><figcaption class=\"wp-element-caption\">Assembl\u00e9e g\u00e9n\u00e9rale du Tennis Club de Moirans<\/figcaption><\/figure>\n","protected":false},"excerpt":{"rendered":"<p>Pr\u00e9sentation du pr\u00e9sident et des membres du bureau du TC Moirans: Pr\u00e9sident: Antoine ANDRE Vice [&hellip;]<\/p>\n","protected":false},"author":1,"featured_media":0,"parent":0,"menu_order":0,"comment_status":"closed","ping_status":"closed","template":"template-full-width.php","meta":{"_monsterinsights_skip_tracking":false,"_monsterinsights_sitenote_active":false,"_monsterinsights_sitenote_note":"","_monsterinsights_sitenote_category":0,"footnotes":""},"class_list":["post-50","page","type-page","status-publish","hentry"],"aioseo_notices":[],"_links":{"self":[{"href":"https:\/\/tennis-moirans.fr\/index.php\/wp-json\/wp\/v2\/pages\/50","targetHints":{"allow":["GET"]}}],"collection":[{"href":"https:\/\/tennis-moirans.fr\/index.php\/wp-json\/wp\/v2\/pages"}],"about":[{"href":"https:\/\/tennis-moirans.fr\/index.php\/wp-json\/wp\/v2\/types\/page"}],"author":[{"embeddable":true,"href":"https:\/\/tennis-moirans.fr\/index.php\/wp-json\/wp\/v2\/users\/1"}],"replies":[{"embeddable":true,"href":"https:\/\/tennis-moirans.fr\/index.php\/wp-json\/wp\/v2\/comments?post=50"}],"version-history":[{"count":6,"href":"https:\/\/tennis-moirans.fr\/index.php\/wp-json\/wp\/v2\/pages\/50\/revisions"}],"predecessor-version":[{"id":260,"href":"https:\/\/tennis-moirans.fr\/index.php\/wp-json\/wp\/v2\/pages\/50\/revisions\/260"}],"wp:attachment":[{"href":"https:\/\/tennis-moirans.fr\/index.php\/wp-json\/wp\/v2\/media?parent=50"}],"curies":[{"name":"wp","href":"https:\/\/api.w.org\/{rel}","templated":true}]}}