{"id":80,"date":"2023-12-31T18:37:49","date_gmt":"2023-12-31T17:37:49","guid":{"rendered":"https:\/\/tennis-moirans.fr\/?page_id=80"},"modified":"2024-02-06T08:01:01","modified_gmt":"2024-02-06T07:01:01","slug":"devenir-partenaire","status":"publish","type":"page","link":"https:\/\/tennis-moirans.fr\/index.php\/devenir-partenaire\/","title":{"rendered":"Devenir partenaire"},"content":{"rendered":"\n<p>Vous souhaitez augmenter votre visibilit\u00e9? Vous souhaitez soutenir une association locale?<\/p>\n\n\n\n<p>Pourquoi devenir partenaire du Tennis Club de Moirans?<\/p>\n\n\n\n<h2 class=\"wp-block-heading\">Augmenter votre visibilit\u00e9<\/h2>\n\n\n\n<p>Le Tennis Club de Moirans ce sont 130 adh\u00e9rents provenant de Moirans et des communes du pays voironnais avec un effectif en hausse constante ces derni\u00e8res ann\u00e9es. Devenir partenaire, c&rsquo;est associer sa marque, son activit\u00e9, son entreprise \u00e0 une activit\u00e9 associative et sportive.<\/p>\n\n\n\n<figure class=\"wp-block-gallery has-nested-images columns-default is-cropped wp-block-gallery-1 is-layout-flex wp-block-gallery-is-layout-flex\">\n<figure class=\"wp-block-image size-large\"><img loading=\"lazy\" decoding=\"async\" width=\"768\" height=\"1024\" data-id=\"203\" src=\"https:\/\/tennis-moirans.fr\/wp-content\/uploads\/2024\/02\/IMG_20240124_1638422-768x1024.jpg\" alt=\"\" class=\"wp-image-203\" srcset=\"https:\/\/tennis-moirans.fr\/wp-content\/uploads\/2024\/02\/IMG_20240124_1638422-768x1024.jpg 768w, https:\/\/tennis-moirans.fr\/wp-content\/uploads\/2024\/02\/IMG_20240124_1638422-225x300.jpg 225w, https:\/\/tennis-moirans.fr\/wp-content\/uploads\/2024\/02\/IMG_20240124_1638422-1152x1536.jpg 1152w, https:\/\/tennis-moirans.fr\/wp-content\/uploads\/2024\/02\/IMG_20240124_1638422-1536x2048.jpg 1536w, https:\/\/tennis-moirans.fr\/wp-content\/uploads\/2024\/02\/IMG_20240124_1638422-scaled.jpg 1920w\" sizes=\"auto, (max-width: 768px) 100vw, 768px\" \/><\/figure>\n\n\n\n<figure class=\"wp-block-image size-large\"><img loading=\"lazy\" decoding=\"async\" width=\"1024\" height=\"768\" data-id=\"204\" src=\"https:\/\/tennis-moirans.fr\/wp-content\/uploads\/2024\/02\/IMG_20240124_163316-1024x768.jpg\" alt=\"\" class=\"wp-image-204\" srcset=\"https:\/\/tennis-moirans.fr\/wp-content\/uploads\/2024\/02\/IMG_20240124_163316-1024x768.jpg 1024w, https:\/\/tennis-moirans.fr\/wp-content\/uploads\/2024\/02\/IMG_20240124_163316-300x225.jpg 300w, https:\/\/tennis-moirans.fr\/wp-content\/uploads\/2024\/02\/IMG_20240124_163316-768x576.jpg 768w, https:\/\/tennis-moirans.fr\/wp-content\/uploads\/2024\/02\/IMG_20240124_163316-1536x1152.jpg 1536w, https:\/\/tennis-moirans.fr\/wp-content\/uploads\/2024\/02\/IMG_20240124_163316-2048x1536.jpg 2048w\" sizes=\"auto, (max-width: 1024px) 100vw, 1024px\" \/><\/figure>\n<\/figure>\n\n\n\n<h2 class=\"wp-block-heading\">Soutenir une association locale<\/h2>\n\n\n\n<p>Soutenir un projet sportif au travers d&rsquo;une \u00e9quipe de tennis. Le Tennis Club de Moirans engage plusieurs \u00e9quipes dans diff\u00e9rents championnats avec des d\u00e9placements locaux.<\/p>\n\n\n\n<h2 class=\"wp-block-heading\">Comment devenir partenaire?<\/h2>\n\n\n\n<p>Plusieurs formules sont possibles. Pour plus d&rsquo;informations: <a href=\"mailto:tcmoirans@gmail.com\">tcmoirans@gmail.com<\/a><\/p>\n","protected":false},"excerpt":{"rendered":"<p>Vous souhaitez augmenter votre visibilit\u00e9? Vous souhaitez soutenir une association locale? Pourquoi devenir partenaire du [&hellip;]<\/p>\n","protected":false},"author":1,"featured_media":0,"parent":0,"menu_order":0,"comment_status":"closed","ping_status":"closed","template":"","meta":{"_monsterinsights_skip_tracking":false,"_monsterinsights_sitenote_active":false,"_monsterinsights_sitenote_note":"","_monsterinsights_sitenote_category":0,"footnotes":""},"class_list":["post-80","page","type-page","status-publish","hentry"],"aioseo_notices":[],"_links":{"self":[{"href":"https:\/\/tennis-moirans.fr\/index.php\/wp-json\/wp\/v2\/pages\/80","targetHints":{"allow":["GET"]}}],"collection":[{"href":"https:\/\/tennis-moirans.fr\/index.php\/wp-json\/wp\/v2\/pages"}],"about":[{"href":"https:\/\/tennis-moirans.fr\/index.php\/wp-json\/wp\/v2\/types\/page"}],"author":[{"embeddable":true,"href":"https:\/\/tennis-moirans.fr\/index.php\/wp-json\/wp\/v2\/users\/1"}],"replies":[{"embeddable":true,"href":"https:\/\/tennis-moirans.fr\/index.php\/wp-json\/wp\/v2\/comments?post=80"}],"version-history":[{"count":7,"href":"https:\/\/tennis-moirans.fr\/index.php\/wp-json\/wp\/v2\/pages\/80\/revisions"}],"predecessor-version":[{"id":205,"href":"https:\/\/tennis-moirans.fr\/index.php\/wp-json\/wp\/v2\/pages\/80\/revisions\/205"}],"wp:attachment":[{"href":"https:\/\/tennis-moirans.fr\/index.php\/wp-json\/wp\/v2\/media?parent=80"}],"curies":[{"name":"wp","href":"https:\/\/api.w.org\/{rel}","templated":true}]}}